{"id":110037,"date":"2022-01-10T13:21:21","date_gmt":"2022-01-10T12:21:21","guid":{"rendered":"https:\/\/boyscup.chev.lu\/infos\/reglement\/"},"modified":"2025-09-04T20:00:41","modified_gmt":"2025-09-04T18:00:41","slug":"regelwerk","status":"publish","type":"page","link":"https:\/\/boyscup.chev.lu\/de\/infos\/regelwerk\/","title":{"rendered":"Regelwerk"},"content":{"rendered":"<p>1. Die 21. Ausgabe des Boys&#8216; Cup findet statt am Samstag, 23. Mai 2026. Der genaue Zeitplan wird Ihnen zu gegebener Zeit mitgeteilt und kann auch auf unserer Internet-Seite <a href=\"https:\/\/boyscup.chev.lu\">boyscup.chev.lu<\/a> abgerufen werden.<\/p>\n<p>2. Das Turnier ist ausgerichtet f\u00fcr m\u00e4nnliche und weibliche Jugend U13 (geboren 2013 \/ 2014 und danach) sowie f\u00fcr m\u00e4nnliche Jugend U15 (Jahrg\u00e4nge 2011, 2012 und danach).<\/p>\n<p>3. Gespielt wird mit einem Ball der Gr\u00f6\u00dfe 1 bei den U13 gemischt (ohne Harz) und mit einem Ball der Gr\u00f6\u00dfe 2 bei den U15 Jungen (Nur Harz, das vom Veranstalter zur Verf\u00fcgung gestellt wird, ist erlaubt, aber keine Harzdepots)<\/p>\n<p>4. Bei jedem Spiel d\u00fcrfen maximal 16 Spieler im Spielbericht eingetragen sein.<\/p>\n<p>5. Das Turnier wird in jeder Altersklasse mit 4 Mannschaften ausgetragen, wo Jede gegen Jede antritt um den Sieger zu ermitteln.<\/p>\n<p>6. Die Spielzeit betr\u00e4gt 2 x 10 Minuten mit einer kurzen Pause bei den U13 gemischt und 1 x 25 Minuten ohne Pause bei den U15 Jungen.<\/p>\n<p>7. Die Spieluhr wird nur angehalten im Falle einer Verletzung, 2-Minuten Zeitstrafe oder roten Karte.<\/p>\n<p>8. Muss ein(e) Spieler(in) auf dem Spielfeld behandelt werden ohne Strafe des Gegenspielers, so muss dieser f\u00fcr die Dauer von 2 Angriffen vom Spielfeld.<\/p>\n<p>9. Alle Spiele werden geleitet von Schiedsrichtern des luxemburgischen Handballverbandes (FLH) und des franz\u00f6sischen Handballverbandes (FFH) in Pr\u00e4senz eines Delegierten.<\/p>\n<p>10. Die Tabelle wird folgenderma\u00dfen erstellt:<\/p>\n<ul>\n<li>2 Punkte f\u00fcr ein gewonnenes Spiel<\/li>\n<li>1 Punkt bei Unentschieden<\/li>\n<li>0 Punkte f\u00fcr eine Niederlage<\/li>\n<\/ul>\n<p style=\"padding-left: 40px;\">Sind am Ende des Turniers zwei oder mehrere Mannschaften punktgleich, wird der Turniersieger wie folgt ermittelt:<\/p>\n<p style=\"padding-left: 80px;\">a) Tordifferenz zwischen punktgleichen Mannschaften<br \/>\nb) Anzahl der geworfenen Tore zwischen den punktgleichen Mannschaften<br \/>\nc) Allgemeine Tordifferenz<br \/>\nd) Gesamtzahl der geworfenen Tore<br \/>\ne) Losentscheid im Beisein von den betroffenen Mannschaften und eines Mitglieds vom Organisationskomitee.<\/p>\n<p>11. Das Turnier wird entsprechend dem Regelwerk der FLH und der EHF bestritten.<\/p>\n<p>12. Die Mannschaften m\u00fcssen 5 Minuten vor Anpfiff am Zeitnehmertisch vorstellig werden.<\/p>\n<p>13. Vor dem Turnier m\u00fcssen sich alle Spieler anhand eines Spielerpasses oder einer Ausweiskarte ausweisen k\u00f6nnen.<\/p>\n<p>14. Der Organisator kann nicht zur Verantwortung gezogen werden bei etwaigen Diebst\u00e4hlen sowie Unf\u00e4llen vor, w\u00e4hrend oder nach dem Turnier.<\/p>\n<p>15. Alle Probleme die w\u00e4hrend dem Turnier auftauchen und nicht im Regelwerk aufgef\u00fchrt sind, werden vom Organisationskomitee gel\u00f6st.<\/p>\n<p>16. Jeder teilnehmende Verein verpflichtet sich dieses Regelwerk zu respektieren.<\/p>\n<p>&nbsp;<\/p>\n<p style=\"text-align: left; padding-left: 80px;\">Das Organisationskomitee<\/p>\n","protected":false},"excerpt":{"rendered":"<p>1. Die 21. Ausgabe des Boys&#8216; Cup findet statt am Samstag, 23. Mai 2026. Der genaue Zeitplan wird Ihnen zu gegebener Zeit mitgeteilt und kann auch auf unserer Internet-Seite boyscup.chev.lu abgerufen werden. 2. Das Turnier ist ausgerichtet f\u00fcr m\u00e4nnliche und weibliche Jugend U13 (geboren 2013 \/ 2014 und danach) sowie f\u00fcr m\u00e4nnliche Jugend U15 (Jahrg\u00e4nge [&hellip;]<\/p>\n","protected":false},"author":1,"featured_media":113362,"parent":110036,"menu_order":0,"comment_status":"closed","ping_status":"closed","template":"page-simple-content.php","meta":{"footnotes":""},"acf":[],"yoast_head":"<!-- This site is optimized with the Yoast SEO plugin v22.6 - https:\/\/yoast.com\/wordpress\/plugins\/seo\/ -->\n<title>Regelwerk - Boys&#039; Cup - CHEV Handball Diekirch<\/title>\n<meta name=\"robots\" content=\"index, follow, max-snippet:-1, max-image-preview:large, max-video-preview:-1\" \/>\n<link rel=\"canonical\" href=\"https:\/\/boyscup.chev.lu\/de\/infos\/regelwerk\/\" \/>\n<meta property=\"og:locale\" content=\"de_DE\" \/>\n<meta property=\"og:type\" content=\"article\" \/>\n<meta property=\"og:title\" content=\"Regelwerk - Boys&#039; Cup - CHEV Handball Diekirch\" \/>\n<meta property=\"og:description\" content=\"1. Die 21. Ausgabe des Boys&#8216; Cup findet statt am Samstag, 23. Mai 2026. Der genaue Zeitplan wird Ihnen zu gegebener Zeit mitgeteilt und kann auch auf unserer Internet-Seite boyscup.chev.lu abgerufen werden. 2. Das Turnier ist ausgerichtet f\u00fcr m\u00e4nnliche und weibliche Jugend U13 (geboren 2013 \/ 2014 und danach) sowie f\u00fcr m\u00e4nnliche Jugend U15 (Jahrg\u00e4nge [&hellip;]\" \/>\n<meta property=\"og:url\" content=\"https:\/\/boyscup.chev.lu\/de\/infos\/regelwerk\/\" \/>\n<meta property=\"og:site_name\" content=\"Boys&#039; Cup - CHEV Handball Diekirch\" \/>\n<meta property=\"article:modified_time\" content=\"2025-09-04T18:00:41+00:00\" \/>\n<meta property=\"og:image\" content=\"https:\/\/boyscup.chev.lu\/wp-content\/uploads\/2024\/05\/05_REGELWERK_BC.jpg\" \/>\n\t<meta property=\"og:image:width\" content=\"1920\" \/>\n\t<meta property=\"og:image:height\" content=\"1280\" \/>\n\t<meta property=\"og:image:type\" content=\"image\/jpeg\" \/>\n<meta name=\"twitter:card\" content=\"summary_large_image\" \/>\n<meta name=\"twitter:label1\" content=\"Gesch\u00e4tzte Lesezeit\" \/>\n\t<meta name=\"twitter:data1\" content=\"3\u00a0Minuten\" \/>\n<script type=\"application\/ld+json\" class=\"yoast-schema-graph\">{\"@context\":\"https:\/\/schema.org\",\"@graph\":[{\"@type\":\"WebPage\",\"@id\":\"https:\/\/boyscup.chev.lu\/de\/infos\/regelwerk\/\",\"url\":\"https:\/\/boyscup.chev.lu\/de\/infos\/regelwerk\/\",\"name\":\"Regelwerk - Boys&#039; Cup - CHEV Handball Diekirch\",\"isPartOf\":{\"@id\":\"https:\/\/boyscup.chev.lu\/#website\"},\"primaryImageOfPage\":{\"@id\":\"https:\/\/boyscup.chev.lu\/de\/infos\/regelwerk\/#primaryimage\"},\"image\":{\"@id\":\"https:\/\/boyscup.chev.lu\/de\/infos\/regelwerk\/#primaryimage\"},\"thumbnailUrl\":\"https:\/\/boyscup.chev.lu\/wp-content\/uploads\/2024\/05\/05_REGELWERK_BC.jpg\",\"datePublished\":\"2022-01-10T12:21:21+00:00\",\"dateModified\":\"2025-09-04T18:00:41+00:00\",\"breadcrumb\":{\"@id\":\"https:\/\/boyscup.chev.lu\/de\/infos\/regelwerk\/#breadcrumb\"},\"inLanguage\":\"de\",\"potentialAction\":[{\"@type\":\"ReadAction\",\"target\":[\"https:\/\/boyscup.chev.lu\/de\/infos\/regelwerk\/\"]}]},{\"@type\":\"ImageObject\",\"inLanguage\":\"de\",\"@id\":\"https:\/\/boyscup.chev.lu\/de\/infos\/regelwerk\/#primaryimage\",\"url\":\"https:\/\/boyscup.chev.lu\/wp-content\/uploads\/2024\/05\/05_REGELWERK_BC.jpg\",\"contentUrl\":\"https:\/\/boyscup.chev.lu\/wp-content\/uploads\/2024\/05\/05_REGELWERK_BC.jpg\",\"width\":1920,\"height\":1280},{\"@type\":\"BreadcrumbList\",\"@id\":\"https:\/\/boyscup.chev.lu\/de\/infos\/regelwerk\/#breadcrumb\",\"itemListElement\":[{\"@type\":\"ListItem\",\"position\":1,\"name\":\"Home\",\"item\":\"https:\/\/boyscup.chev.lu\/de\/\"},{\"@type\":\"ListItem\",\"position\":2,\"name\":\"Infos\",\"item\":\"https:\/\/boyscup.chev.lu\/de\/infos\/\"},{\"@type\":\"ListItem\",\"position\":3,\"name\":\"Regelwerk\"}]},{\"@type\":\"WebSite\",\"@id\":\"https:\/\/boyscup.chev.lu\/#website\",\"url\":\"https:\/\/boyscup.chev.lu\/\",\"name\":\"Boys&#039; Cup - CHEV Handball Diekirch\",\"description\":\"Just another WordPress site\",\"potentialAction\":[{\"@type\":\"SearchAction\",\"target\":{\"@type\":\"EntryPoint\",\"urlTemplate\":\"https:\/\/boyscup.chev.lu\/?s={search_term_string}\"},\"query-input\":\"required name=search_term_string\"}],\"inLanguage\":\"de\"}]}<\/script>\n<!-- \/ Yoast SEO plugin. -->","yoast_head_json":{"title":"Regelwerk - Boys&#039; Cup - CHEV Handball Diekirch","robots":{"index":"index","follow":"follow","max-snippet":"max-snippet:-1","max-image-preview":"max-image-preview:large","max-video-preview":"max-video-preview:-1"},"canonical":"https:\/\/boyscup.chev.lu\/de\/infos\/regelwerk\/","og_locale":"de_DE","og_type":"article","og_title":"Regelwerk - Boys&#039; Cup - CHEV Handball Diekirch","og_description":"1. Die 21. Ausgabe des Boys&#8216; Cup findet statt am Samstag, 23. Mai 2026. Der genaue Zeitplan wird Ihnen zu gegebener Zeit mitgeteilt und kann auch auf unserer Internet-Seite boyscup.chev.lu abgerufen werden. 2. Das Turnier ist ausgerichtet f\u00fcr m\u00e4nnliche und weibliche Jugend U13 (geboren 2013 \/ 2014 und danach) sowie f\u00fcr m\u00e4nnliche Jugend U15 (Jahrg\u00e4nge [&hellip;]","og_url":"https:\/\/boyscup.chev.lu\/de\/infos\/regelwerk\/","og_site_name":"Boys&#039; Cup - CHEV Handball Diekirch","article_modified_time":"2025-09-04T18:00:41+00:00","og_image":[{"width":1920,"height":1280,"url":"https:\/\/boyscup.chev.lu\/wp-content\/uploads\/2024\/05\/05_REGELWERK_BC.jpg","type":"image\/jpeg"}],"twitter_card":"summary_large_image","twitter_misc":{"Gesch\u00e4tzte Lesezeit":"3\u00a0Minuten"},"schema":{"@context":"https:\/\/schema.org","@graph":[{"@type":"WebPage","@id":"https:\/\/boyscup.chev.lu\/de\/infos\/regelwerk\/","url":"https:\/\/boyscup.chev.lu\/de\/infos\/regelwerk\/","name":"Regelwerk - Boys&#039; Cup - CHEV Handball Diekirch","isPartOf":{"@id":"https:\/\/boyscup.chev.lu\/#website"},"primaryImageOfPage":{"@id":"https:\/\/boyscup.chev.lu\/de\/infos\/regelwerk\/#primaryimage"},"image":{"@id":"https:\/\/boyscup.chev.lu\/de\/infos\/regelwerk\/#primaryimage"},"thumbnailUrl":"https:\/\/boyscup.chev.lu\/wp-content\/uploads\/2024\/05\/05_REGELWERK_BC.jpg","datePublished":"2022-01-10T12:21:21+00:00","dateModified":"2025-09-04T18:00:41+00:00","breadcrumb":{"@id":"https:\/\/boyscup.chev.lu\/de\/infos\/regelwerk\/#breadcrumb"},"inLanguage":"de","potentialAction":[{"@type":"ReadAction","target":["https:\/\/boyscup.chev.lu\/de\/infos\/regelwerk\/"]}]},{"@type":"ImageObject","inLanguage":"de","@id":"https:\/\/boyscup.chev.lu\/de\/infos\/regelwerk\/#primaryimage","url":"https:\/\/boyscup.chev.lu\/wp-content\/uploads\/2024\/05\/05_REGELWERK_BC.jpg","contentUrl":"https:\/\/boyscup.chev.lu\/wp-content\/uploads\/2024\/05\/05_REGELWERK_BC.jpg","width":1920,"height":1280},{"@type":"BreadcrumbList","@id":"https:\/\/boyscup.chev.lu\/de\/infos\/regelwerk\/#breadcrumb","itemListElement":[{"@type":"ListItem","position":1,"name":"Home","item":"https:\/\/boyscup.chev.lu\/de\/"},{"@type":"ListItem","position":2,"name":"Infos","item":"https:\/\/boyscup.chev.lu\/de\/infos\/"},{"@type":"ListItem","position":3,"name":"Regelwerk"}]},{"@type":"WebSite","@id":"https:\/\/boyscup.chev.lu\/#website","url":"https:\/\/boyscup.chev.lu\/","name":"Boys&#039; Cup - CHEV Handball Diekirch","description":"Just another WordPress site","potentialAction":[{"@type":"SearchAction","target":{"@type":"EntryPoint","urlTemplate":"https:\/\/boyscup.chev.lu\/?s={search_term_string}"},"query-input":"required name=search_term_string"}],"inLanguage":"de"}]}},"_links":{"self":[{"href":"https:\/\/boyscup.chev.lu\/de\/wp-json\/wp\/v2\/pages\/110037"}],"collection":[{"href":"https:\/\/boyscup.chev.lu\/de\/wp-json\/wp\/v2\/pages"}],"about":[{"href":"https:\/\/boyscup.chev.lu\/de\/wp-json\/wp\/v2\/types\/page"}],"author":[{"embeddable":true,"href":"https:\/\/boyscup.chev.lu\/de\/wp-json\/wp\/v2\/users\/1"}],"replies":[{"embeddable":true,"href":"https:\/\/boyscup.chev.lu\/de\/wp-json\/wp\/v2\/comments?post=110037"}],"version-history":[{"count":21,"href":"https:\/\/boyscup.chev.lu\/de\/wp-json\/wp\/v2\/pages\/110037\/revisions"}],"predecessor-version":[{"id":113973,"href":"https:\/\/boyscup.chev.lu\/de\/wp-json\/wp\/v2\/pages\/110037\/revisions\/113973"}],"up":[{"embeddable":true,"href":"https:\/\/boyscup.chev.lu\/de\/wp-json\/wp\/v2\/pages\/110036"}],"wp:featuredmedia":[{"embeddable":true,"href":"https:\/\/boyscup.chev.lu\/de\/wp-json\/wp\/v2\/media\/113362"}],"wp:attachment":[{"href":"https:\/\/boyscup.chev.lu\/de\/wp-json\/wp\/v2\/media?parent=110037"}],"curies":[{"name":"wp","href":"https:\/\/api.w.org\/{rel}","templated":true}]}}